{"id":501,"date":"2020-03-16T15:46:36","date_gmt":"2020-03-16T14:46:36","guid":{"rendered":"https:\/\/the7.io\/elementor-minimal-creative-light\/?page_id=501"},"modified":"2025-03-31T17:54:09","modified_gmt":"2025-03-31T15:54:09","slug":"produkte","status":"publish","type":"page","link":"https:\/\/lanaturela.com\/en\/produkte\/","title":{"rendered":"Products"},"content":{"rendered":"<div data-elementor-type=\"wp-page\" data-elementor-id=\"501\" class=\"elementor elementor-501\">\n\t\t\t\t\t\t<section class=\"elementor-section elementor-top-section elementor-element elementor-element-4c209441 elementor-section-boxed elementor-section-height-default elementor-section-height-default\" data-id=\"4c209441\" data-element_type=\"section\">\n\t\t\t\t\t\t<div class=\"elementor-container elementor-column-gap-wider\">\n\t\t\t\t\t<div class=\"elementor-column elementor-col-100 elementor-top-column elementor-element elementor-element-c1e5a76\" data-id=\"c1e5a76\" data-element_type=\"column\">\n\t\t\t<div class=\"elementor-widget-wrap elementor-element-populated\">\n\t\t\t\t\t\t<div class=\"elementor-element elementor-element-4d86795e elementor-widget elementor-widget-heading\" data-id=\"4d86795e\" data-element_type=\"widget\" data-widget_type=\"heading.default\">\n\t\t\t\t<div class=\"elementor-widget-container\">\n\t\t\t\t\t<h2 class=\"elementor-heading-title elementor-size-default\">Products<\/h2>\t\t\t\t<\/div>\n\t\t\t\t<\/div>\n\t\t\t\t\t<\/div>\n\t\t<\/div>\n\t\t\t\t\t<\/div>\n\t\t<\/section>\n\t\t\t\t<section class=\"elementor-section elementor-top-section elementor-element elementor-element-1ba77f6f elementor-section-boxed elementor-section-height-default elementor-section-height-default\" data-id=\"1ba77f6f\" data-element_type=\"section\">\n\t\t\t\t\t\t<div class=\"elementor-container elementor-column-gap-wider\">\n\t\t\t\t\t<div class=\"elementor-column elementor-col-100 elementor-top-column elementor-element elementor-element-756b500c\" data-id=\"756b500c\" data-element_type=\"column\">\n\t\t\t<div class=\"elementor-widget-wrap elementor-element-populated\">\n\t\t\t\t\t\t<div class=\"elementor-element elementor-element-749edf3c preserve-img-ratio-cover elementor-widget elementor-widget-the7_elements\" data-id=\"749edf3c\" data-element_type=\"widget\" data-widget_type=\"the7_elements.default\">\n\t\t\t\t<div class=\"elementor-widget-container\">\n\t\t\t\t\t<div class=\"portfolio-shortcode the7-elementor-widget the7_elements-749edf3c mode-grid dt-css-grid-wrap classic-layout-list description-under-image meta-info-off content-bg-on resize-by-browser-width widget-with-filter loading-effect-none jquery-filter\" data-padding=\"30px\" data-mobile-columns-num=\"1\" data-tablet-columns-num=\"3\" data-desktop-columns-num=\"4\" data-wide-desktop-columns-num=\"4\" data-post-limit=\"6\" data-pagination-mode=\"load-more\" data-scroll-offset=\"\" aria-live=\"assertive\"><div class=\"iso-filter filter-decorations css-grid-filter filter filter-pointer-default show-filter-categories   filter-underline-decoration\"><div class=\"filter-extras\"><div class=\"filter-by\"><a href=\"https:\/\/lanaturela.com\/en\/produkte\/?orderby=date&#038;order=desc\" class=\"sort-by-date act\" data-by=\"date\"><svg version=\"1.1\" id=\"Layer_1\" xmlns=\"http:\/\/www.w3.org\/2000\/svg\" xmlns:xlink=\"http:\/\/www.w3.org\/1999\/xlink\" x=\"0px\" y=\"0px\" viewbox=\"0 0 16 16\" style=\"enable-background:new 0 0 16 16;\" xml:space=\"preserve\"><path d=\"M11,6.5C11,6.2,11.2,6,11.5,6h1C12.8,6,13,6.2,13,6.5v1C13,7.8,12.8,8,12.5,8h-1C11.2,8,11,7.8,11,7.5V6.5z M8,6.5C8,6.2,8.2,6,8.5,6h1C9.8,6,10,6.2,10,6.5v1C10,7.8,9.8,8,9.5,8h-1C8.2,8,8,7.8,8,7.5V6.5z M3,9.5C3,9.2,3.2,9,3.5,9h1C4.8,9,5,9.2,5,9.5v1C5,10.8,4.8,11,4.5,11h-1C3.2,11,3,10.8,3,10.5V9.5z M6,9.5C6,9.2,6.2,9,6.5,9h1C7.8,9,8,9.2,8,9.5v1C8,10.8,7.8,11,7.5,11h-1C6.2,11,6,10.8,6,10.5V9.5z\"\/><path d=\"M3.5,0C3.8,0,4,0.2,4,0.5V1h8V0.5C12,0.2,12.2,0,12.5,0S13,0.2,13,0.5V1h1c1.1,0,2,0.9,2,2v11c0,1.1-0.9,2-2,2H2c-1.1,0-2-0.9-2-2V3c0-1.1,0.9-2,2-2h1V0.5C3,0.2,3.2,0,3.5,0z M1,4v10c0,0.6,0.4,1,1,1h12c0.6,0,1-0.4,1-1V4H1z\"\/><\/svg><span class=\"filter-popup\">Sort by date<\/span><\/a><span class=\"filter-switch\"><\/span><a href=\"https:\/\/lanaturela.com\/en\/produkte\/?orderby=name&#038;order=desc\" class=\"sort-by-name\" data-by=\"name\"><svg version=\"1.1\" id=\"Layer_1\" xmlns=\"http:\/\/www.w3.org\/2000\/svg\" xmlns:xlink=\"http:\/\/www.w3.org\/1999\/xlink\" x=\"0px\" y=\"0px\" viewbox=\"0 0 16 16\" style=\"enable-background:new 0 0 16 16;\" xml:space=\"preserve\"><path d=\"M2.2,13.1l0.9-2.8h3.5l0.9,2.8h1.3L5.5,3.8H4.3L1,13.1H2.2z M4.9,5.2l1.4,4.2H3.5L4.9,5.2C4.9,5.2,4.9,5.2,4.9,5.2z\"\/><g><path d=\"M10,12.4l2.8-3.6c0.3-0.3,0.5-0.6,0.8-1v0h-3.3V6.9h4.7l0,0.7l-2.7,3.6c-0.3,0.3-0.5,0.6-0.8,1v0H15v0.9h-5V12.4z\"\/><\/g><\/svg><span class=\"filter-popup\">Sort by name<\/span><\/a><\/div><div class=\"filter-sorting\"><a href=\"https:\/\/lanaturela.com\/en\/produkte\/?orderby=date&#038;order=desc\" class=\"sort-by-desc act\" data-sort=\"desc\"><svg version=\"1.1\" id=\"Layer_1\" xmlns=\"http:\/\/www.w3.org\/2000\/svg\" xmlns:xlink=\"http:\/\/www.w3.org\/1999\/xlink\" x=\"0px\" y=\"0px\"viewbox=\"0 0 16 16\" style=\"enable-background:new 0 0 16 16;\" xml:space=\"preserve\"><path d=\"M3.5,2.5C3.5,2.2,3.3,2,3,2S2.5,2.2,2.5,2.5v8.8l-1.1-1.1c-0.2-0.2-0.5-0.2-0.7,0s-0.2,0.5,0,0.7l0,0l2,2l0,0c0.2,0.2,0.5,0.2,0.7,0l2-2c0.2-0.2,0.2-0.5,0-0.7c-0.2-0.2-0.5-0.2-0.7,0l-1.1,1.1V2.5z M7,3.5C7,3.2,7.2,3,7.5,3h7C14.8,3,15,3.2,15,3.5S14.8,4,14.5,4h-7C7.2,4,7,3.8,7,3.5z M7.5,6C7.2,6,7,6.2,7,6.5S7.2,7,7.5,7h5C12.8,7,13,6.8,13,6.5S12.8,6,12.5,6H7.5z M7.5,9C7.2,9,7,9.2,7,9.5S7.2,10,7.5,10h3c0.3,0,0.5-0.2,0.5-0.5S10.8,9,10.5,9H7.5z M7.5,12C7.2,12,7,12.2,7,12.5S7.2,13,7.5,13h1C8.8,13,9,12.8,9,12.5S8.8,12,8.5,12H7.5z\"\/><\/svg><span class=\"filter-popup\">Descending<\/span><\/a><span class=\"filter-switch\"><\/span><a href=\"https:\/\/lanaturela.com\/en\/produkte\/?orderby=date&#038;order=asc\" class=\"sort-by-asc\" data-sort=\"asc\"><svg version=\"1.1\" id=\"Layer_1\" xmlns=\"http:\/\/www.w3.org\/2000\/svg\" xmlns:xlink=\"http:\/\/www.w3.org\/1999\/xlink\" x=\"0px\" y=\"0px\" viewbox=\"0 0 16 16\" style=\"enable-background:new 0 0 16 16;\" xml:space=\"preserve\"><path d=\"M3.5,12.5C3.5,12.8,3.3,13,3,13s-0.5-0.2-0.5-0.5V3.7L1.4,4.9C1.2,5,0.8,5,0.6,4.9s-0.2-0.5,0-0.7l2-2l0,0C2.8,2,3.2,2,3.4,2.1l2,2c0.2,0.2,0.2,0.5,0,0.7S4.8,5,4.6,4.9L3.5,3.7V12.5z M7,3.5C7,3.2,7.2,3,7.5,3h7C14.8,3,15,3.2,15,3.5S14.8,4,14.5,4h-7C7.2,4,7,3.8,7,3.5z M7.5,6C7.2,6,7,6.2,7,6.5S7.2,7,7.5,7h5C12.8,7,13,6.8,13,6.5S12.8,6,12.5,6H7.5z M7.5,9C7.2,9,7,9.2,7,9.5S7.2,10,7.5,10h3c0.3,0,0.5-0.2,0.5-0.5S10.8,9,10.5,9H7.5z M7.5,12C7.2,12,7,12.2,7,12.5S7.2,13,7.5,13h1C8.8,13,9,12.8,9,12.5S8.8,12,8.5,12H7.5z\"\/><\/svg><span class=\"filter-popup\">Ascending<\/span><\/a><\/div><\/div><\/div><div class=\"dt-css-grid custom-pagination-handler\"><div class=\"visible wf-cell category-0\" data-post-id=\"58667\" data-date=\"2020-03-15T16:35:26+01:00\" data-name=\"Trocken Fr\u00fcchte\"><article class=\"post visible post-58667 dt_portfolio type-dt_portfolio status-publish has-post-thumbnail hentry\" data-name=\"Trocken Fr\u00fcchte\" data-date=\"2020-03-15T16:35:26+01:00\">\n\n\t<div class=\"post-thumbnail-wrap\">\n\t\t<div class=\"post-thumbnail\">\n\n\t\t\t<a class=\"post-thumbnail-rollover layzr-bg img-css-resize-wrapper\" aria-label=\"Post image\" href=\"https:\/\/lanaturela.com\/en\/project\/trockene-fruchte\/\"><img fetchpriority=\"high\" decoding=\"async\" width=\"1033\" height=\"598\" src=\"data:image\/svg+xml,%3Csvg%20xmlns%3D&#039;http%3A%2F%2Fwww.w3.org%2F2000%2Fsvg&#039;%20viewBox%3D&#039;0%200%201033%20598&#039;%2F%3E\" class=\"attachment-full size-full preload-me aspect lazy lazy-load\" alt=\"\" sizes=\"(max-width: 1033px) 100vw, 1033px\" style=\"--ratio: 1033 \/ 598;\" data-src=\"https:\/\/lanaturela.com\/wp-content\/uploads\/2020\/03\/Screenshot-2025-03-31-at-16.57.50.png\" loading=\"eager\" data-srcset=\"https:\/\/lanaturela.com\/wp-content\/uploads\/2020\/03\/Screenshot-2025-03-31-at-16.57.50.png 1033w, https:\/\/lanaturela.com\/wp-content\/uploads\/2020\/03\/Screenshot-2025-03-31-at-16.57.50-300x174.png 300w, https:\/\/lanaturela.com\/wp-content\/uploads\/2020\/03\/Screenshot-2025-03-31-at-16.57.50-1024x593.png 1024w, https:\/\/lanaturela.com\/wp-content\/uploads\/2020\/03\/Screenshot-2025-03-31-at-16.57.50-768x445.png 768w, https:\/\/lanaturela.com\/wp-content\/uploads\/2020\/03\/Screenshot-2025-03-31-at-16.57.50-18x10.png 18w\" \/><span class=\"the7-hover-icon\"><i aria-hidden=\"true\" class=\"icomoon-the7-font-the7-plus-04\"><\/i><\/span><\/a>\n\t\t<\/div>\n\t<\/div>\n\n\n<div class=\"post-entry-content\">\n\n\t<h3 class=\"ele-entry-title\"><a href=\"https:\/\/lanaturela.com\/en\/project\/trockene-fruchte\/\" rel=\"bookmark\" title=\"Dried Fruits\">Dried Fruits<\/a><\/h3>\n<\/div><\/article><\/div><div class=\"visible wf-cell category-0\" data-post-id=\"58669\" data-date=\"2020-03-15T16:30:00+01:00\" data-name=\"Gefrorene Fr\u00fcchte\"><article class=\"post visible post-58669 dt_portfolio type-dt_portfolio status-publish has-post-thumbnail hentry\" data-name=\"Gefrorene Fr\u00fcchte\" data-date=\"2020-03-15T16:30:00+01:00\">\n\n\t<div class=\"post-thumbnail-wrap\">\n\t\t<div class=\"post-thumbnail\">\n\n\t\t\t<a class=\"post-thumbnail-rollover layzr-bg img-css-resize-wrapper\" aria-label=\"Post image\" href=\"https:\/\/lanaturela.com\/en\/project\/gefrorene-fruchte\/\"><img decoding=\"async\" width=\"958\" height=\"804\" src=\"data:image\/svg+xml,%3Csvg%20xmlns%3D&#039;http%3A%2F%2Fwww.w3.org%2F2000%2Fsvg&#039;%20viewBox%3D&#039;0%200%20958%20804&#039;%2F%3E\" class=\"attachment-full size-full preload-me aspect lazy lazy-load\" alt=\"\" sizes=\"(max-width: 958px) 100vw, 958px\" style=\"--ratio: 958 \/ 804;\" data-src=\"https:\/\/lanaturela.com\/wp-content\/uploads\/2020\/03\/Screenshot-2025-03-31-at-17.45.00.png\" loading=\"eager\" data-srcset=\"https:\/\/lanaturela.com\/wp-content\/uploads\/2020\/03\/Screenshot-2025-03-31-at-17.45.00.png 958w, https:\/\/lanaturela.com\/wp-content\/uploads\/2020\/03\/Screenshot-2025-03-31-at-17.45.00-300x252.png 300w, https:\/\/lanaturela.com\/wp-content\/uploads\/2020\/03\/Screenshot-2025-03-31-at-17.45.00-768x645.png 768w, https:\/\/lanaturela.com\/wp-content\/uploads\/2020\/03\/Screenshot-2025-03-31-at-17.45.00-14x12.png 14w\" \/><span class=\"the7-hover-icon\"><i aria-hidden=\"true\" class=\"icomoon-the7-font-the7-plus-04\"><\/i><\/span><\/a>\n\t\t<\/div>\n\t<\/div>\n\n\n<div class=\"post-entry-content\">\n\n\t<h3 class=\"ele-entry-title\"><a href=\"https:\/\/lanaturela.com\/en\/project\/gefrorene-fruchte\/\" rel=\"bookmark\" title=\"Frozen fruits\">Frozen fruits<\/a><\/h3>\n<\/div><\/article><\/div><div class=\"visible wf-cell category-0\" data-post-id=\"58666\" data-date=\"2020-03-11T16:32:59+01:00\" data-name=\"HomeMade und Konserven Produkte\"><article class=\"post visible post-58666 dt_portfolio type-dt_portfolio status-publish has-post-thumbnail hentry\" data-name=\"HomeMade und Konserven Produkte\" data-date=\"2020-03-11T16:32:59+01:00\">\n\n\t<div class=\"post-thumbnail-wrap\">\n\t\t<div class=\"post-thumbnail\">\n\n\t\t\t<a class=\"post-thumbnail-rollover layzr-bg img-css-resize-wrapper\" aria-label=\"Post image\" href=\"https:\/\/lanaturela.com\/en\/project\/home-made-produkte\/\"><img decoding=\"async\" width=\"1010\" height=\"1010\" src=\"data:image\/svg+xml,%3Csvg%20xmlns%3D&#039;http%3A%2F%2Fwww.w3.org%2F2000%2Fsvg&#039;%20viewBox%3D&#039;0%200%201010%201010&#039;%2F%3E\" class=\"attachment-full size-full preload-me aspect lazy lazy-load\" alt=\"\" sizes=\"(max-width: 1010px) 100vw, 1010px\" style=\"--ratio: 1010 \/ 1010;\" data-src=\"https:\/\/lanaturela.com\/wp-content\/uploads\/2020\/03\/Asset_1616846.jpg\" loading=\"eager\" data-srcset=\"https:\/\/lanaturela.com\/wp-content\/uploads\/2020\/03\/Asset_1616846.jpg 1010w, https:\/\/lanaturela.com\/wp-content\/uploads\/2020\/03\/Asset_1616846-300x300.jpg 300w, https:\/\/lanaturela.com\/wp-content\/uploads\/2020\/03\/Asset_1616846-150x150.jpg 150w, https:\/\/lanaturela.com\/wp-content\/uploads\/2020\/03\/Asset_1616846-768x768.jpg 768w, https:\/\/lanaturela.com\/wp-content\/uploads\/2020\/03\/Asset_1616846-200x200.jpg 200w\" \/><span class=\"the7-hover-icon\"><i aria-hidden=\"true\" class=\"icomoon-the7-font-the7-plus-04\"><\/i><\/span><\/a>\n\t\t<\/div>\n\t<\/div>\n\n\n<div class=\"post-entry-content\">\n\n\t<h3 class=\"ele-entry-title\"><a href=\"https:\/\/lanaturela.com\/en\/project\/home-made-produkte\/\" rel=\"bookmark\" title=\"HomeMade and Canned Products\">HomeMade and Canned Products<\/a><\/h3>\n<\/div><\/article><\/div><div class=\"visible wf-cell category-0\" data-post-id=\"94\" data-date=\"2020-03-11T16:26:00+01:00\" data-name=\"Nuesse und Kerne\"><article class=\"post visible post-94 dt_portfolio type-dt_portfolio status-publish has-post-thumbnail hentry\" data-name=\"Nuesse und Kerne\" data-date=\"2020-03-11T16:26:00+01:00\">\n\n\t<div class=\"post-thumbnail-wrap\">\n\t\t<div class=\"post-thumbnail\">\n\n\t\t\t<a class=\"post-thumbnail-rollover layzr-bg img-css-resize-wrapper\" aria-label=\"Post image\" href=\"https:\/\/lanaturela.com\/en\/project\/nuesse-und-kerne\/\"><img decoding=\"async\" width=\"1018\" height=\"702\" src=\"data:image\/svg+xml,%3Csvg%20xmlns%3D&#039;http%3A%2F%2Fwww.w3.org%2F2000%2Fsvg&#039;%20viewBox%3D&#039;0%200%201018%20702&#039;%2F%3E\" class=\"attachment-full size-full preload-me aspect lazy lazy-load\" alt=\"\" sizes=\"(max-width: 1018px) 100vw, 1018px\" style=\"--ratio: 1018 \/ 702;\" data-src=\"https:\/\/lanaturela.com\/wp-content\/uploads\/2020\/03\/Screenshot-2025-03-31-at-17.48.26.png\" loading=\"eager\" data-srcset=\"https:\/\/lanaturela.com\/wp-content\/uploads\/2020\/03\/Screenshot-2025-03-31-at-17.48.26.png 1018w, https:\/\/lanaturela.com\/wp-content\/uploads\/2020\/03\/Screenshot-2025-03-31-at-17.48.26-300x207.png 300w, https:\/\/lanaturela.com\/wp-content\/uploads\/2020\/03\/Screenshot-2025-03-31-at-17.48.26-768x530.png 768w, https:\/\/lanaturela.com\/wp-content\/uploads\/2020\/03\/Screenshot-2025-03-31-at-17.48.26-18x12.png 18w\" \/><span class=\"the7-hover-icon\"><i aria-hidden=\"true\" class=\"icomoon-the7-font-the7-plus-04\"><\/i><\/span><\/a>\n\t\t<\/div>\n\t<\/div>\n\n\n<div class=\"post-entry-content\">\n\n\t<h3 class=\"ele-entry-title\"><a href=\"https:\/\/lanaturela.com\/en\/project\/nuesse-und-kerne\/\" rel=\"bookmark\" title=\"Nuts and kernels\">Nuts and kernels<\/a><\/h3>\n<\/div><\/article><\/div><\/div><!-- iso-container|iso-grid --><div class=\"paginator filter-decorations paginator-more-button filter-pointer-framed\">\n\t\t\t\t<a class=\"button-load-more highlighted filter-item\" href=\"javascript:void(0);\" data-dt-page=\"1\" ><i aria-hidden=\"true\" class=\"fas fa-arrow-circle-down\"><\/i><span class=\"button-caption\">Load more<\/span><\/a>\n\t\t\t<\/div><\/div>\t\t\t\t<\/div>\n\t\t\t\t<\/div>\n\t\t\t\t\t<\/div>\n\t\t<\/div>\n\t\t\t\t\t<\/div>\n\t\t<\/section>\n\t\t\t\t<section class=\"elementor-section elementor-top-section elementor-element elementor-element-a5f10ab elementor-section-boxed elementor-section-height-default elementor-section-height-default\" data-id=\"a5f10ab\" data-element_type=\"section\">\n\t\t\t\t\t\t<div class=\"elementor-container elementor-column-gap-default\">\n\t\t\t\t\t<div class=\"elementor-column elementor-col-100 elementor-top-column elementor-element elementor-element-931f7eb\" data-id=\"931f7eb\" data-element_type=\"column\">\n\t\t\t<div class=\"elementor-widget-wrap elementor-element-populated\">\n\t\t\t\t\t\t<div class=\"elementor-element elementor-element-498562f elementor-widget elementor-widget-spacer\" data-id=\"498562f\" data-element_type=\"widget\" data-widget_type=\"spacer.default\">\n\t\t\t\t<div class=\"elementor-widget-container\">\n\t\t\t\t\t\t\t<div class=\"elementor-spacer\">\n\t\t\t<div class=\"elementor-spacer-inner\"><\/div>\n\t\t<\/div>\n\t\t\t\t\t\t<\/div>\n\t\t\t\t<\/div>\n\t\t\t\t\t<\/div>\n\t\t<\/div>\n\t\t\t\t\t<\/div>\n\t\t<\/section>\n\t\t\t\t<section class=\"elementor-section elementor-top-section elementor-element elementor-element-a1dffd7 elementor-section-boxed elementor-section-height-default elementor-section-height-default\" data-id=\"a1dffd7\" data-element_type=\"section\" data-settings=\"{&quot;background_background&quot;:&quot;classic&quot;}\">\n\t\t\t\t\t\t\t<div class=\"elementor-background-overlay\"><\/div>\n\t\t\t\t\t\t\t<div class=\"elementor-container elementor-column-gap-default\">\n\t\t\t\t\t<div class=\"elementor-column elementor-col-33 elementor-top-column elementor-element elementor-element-296fef9\" data-id=\"296fef9\" data-element_type=\"column\">\n\t\t\t<div class=\"elementor-widget-wrap elementor-element-populated\">\n\t\t\t\t\t\t<div class=\"elementor-element elementor-element-40015b9 elementor-widget elementor-widget-text-editor\" data-id=\"40015b9\" data-element_type=\"widget\" data-widget_type=\"text-editor.default\">\n\t\t\t\t<div class=\"elementor-widget-container\">\n\t\t\t\t\t\t\t\t\t<h4><strong>La Naturela<\/strong><\/h4><p>Rajka Mamuzica 17<\/p><p>21000 Novi Sad<\/p><p>Serbia<\/p>\t\t\t\t\t\t\t\t<\/div>\n\t\t\t\t<\/div>\n\t\t\t\t\t<\/div>\n\t\t<\/div>\n\t\t\t\t<div class=\"elementor-column elementor-col-33 elementor-top-column elementor-element elementor-element-67fa641\" data-id=\"67fa641\" data-element_type=\"column\">\n\t\t\t<div class=\"elementor-widget-wrap elementor-element-populated\">\n\t\t\t\t\t\t<div class=\"elementor-element elementor-element-9a2a137 elementor-widget elementor-widget-text-editor\" data-id=\"9a2a137\" data-element_type=\"widget\" data-widget_type=\"text-editor.default\">\n\t\t\t\t<div class=\"elementor-widget-container\">\n\t\t\t\t\t\t\t\t\t<p><strong><span style=\"text-decoration: underline;\">Products<\/span><\/strong><\/p><ul><li class=\"entry-title\"><a title=\"Dry fruits\" href=\"https:\/\/lanaturela.com\/en\/project\/trockene-fruchte\/\" rel=\"bookmark\">Dry fruits<\/a><\/li><li class=\"entry-title\"><a title=\"Frozen fruits\" href=\"https:\/\/lanaturela.com\/en\/project\/gefrorene-fruchte\/\" rel=\"bookmark\">Frozen fruits<\/a><\/li><li class=\"entry-title\"><a title=\"Fresh fruits\" href=\"https:\/\/lanaturela.com\/en\/project\/frische-fruchte\/\" rel=\"bookmark\">Fresh fruits<\/a><\/li><li class=\"entry-title\"><a title=\"Fresh vegetables\" href=\"https:\/\/lanaturela.com\/en\/project\/frische-gemuese\/\" rel=\"bookmark\">Fresh vegetables<\/a><\/li><li class=\"entry-title\"><a title=\"HomeMade Products\" href=\"https:\/\/lanaturela.com\/en\/project\/home-made-produkte\/\" rel=\"bookmark\">HomeMade Products<\/a><\/li><li class=\"entry-title\"><a title=\"Nuts and kernels\" href=\"https:\/\/lanaturela.com\/en\/project\/nuesse-und-kerne\/\" rel=\"bookmark\">Nuts and kernels<\/a><\/li><\/ul>\t\t\t\t\t\t\t\t<\/div>\n\t\t\t\t<\/div>\n\t\t\t\t\t<\/div>\n\t\t<\/div>\n\t\t\t\t<div class=\"elementor-column elementor-col-33 elementor-top-column elementor-element elementor-element-cdfbba6\" data-id=\"cdfbba6\" data-element_type=\"column\">\n\t\t\t<div class=\"elementor-widget-wrap elementor-element-populated\">\n\t\t\t\t\t\t<div class=\"elementor-element elementor-element-f54a894 elementor-widget elementor-widget-text-editor\" data-id=\"f54a894\" data-element_type=\"widget\" data-widget_type=\"text-editor.default\">\n\t\t\t\t<div class=\"elementor-widget-container\">\n\t\t\t\t\t\t\t\t\t<p><strong><span style=\"text-decoration: underline;\">Contact<\/span><\/strong><\/p><ul><li>Mail: info@lanaturela.com<\/li><li>Tel.: +381 63 10 555 10<\/li><li>Skype: La Naturela Serbia<\/li><\/ul>\t\t\t\t\t\t\t\t<\/div>\n\t\t\t\t<\/div>\n\t\t\t\t\t<\/div>\n\t\t<\/div>\n\t\t\t\t\t<\/div>\n\t\t<\/section>\n\t\t\t\t<\/div>","protected":false},"excerpt":{"rendered":"<p>Produkte Sort by dateSort by nameDescendingAscending Trocken Fr\u00fcchte Gefrorene Fr\u00fcchte HomeMade Produkte Nuesse und Kerne Load more La Naturela Rajka Mamuzica 17 21000 Novi Sad Serbia Produkte Trockene Fr\u00fcchte Gefrorene Fr\u00fcchte Frische Fr\u00fcchte Frische Gemuese HomeMade Produkte Nuesse und Kerne Kontakt Mail: info@lanaturela.com Tel.: +381 63 10 555 10 Skype: La Naturela Serbia<\/p>","protected":false},"author":1,"featured_media":0,"parent":0,"menu_order":30,"comment_status":"closed","ping_status":"closed","template":"","meta":{"footnotes":""},"class_list":["post-501","page","type-page","status-publish","hentry"],"_links":{"self":[{"href":"https:\/\/lanaturela.com\/en\/wp-json\/wp\/v2\/pages\/501","targetHints":{"allow":["GET"]}}],"collection":[{"href":"https:\/\/lanaturela.com\/en\/wp-json\/wp\/v2\/pages"}],"about":[{"href":"https:\/\/lanaturela.com\/en\/wp-json\/wp\/v2\/types\/page"}],"author":[{"embeddable":true,"href":"https:\/\/lanaturela.com\/en\/wp-json\/wp\/v2\/users\/1"}],"replies":[{"embeddable":true,"href":"https:\/\/lanaturela.com\/en\/wp-json\/wp\/v2\/comments?post=501"}],"version-history":[{"count":18,"href":"https:\/\/lanaturela.com\/en\/wp-json\/wp\/v2\/pages\/501\/revisions"}],"predecessor-version":[{"id":59233,"href":"https:\/\/lanaturela.com\/en\/wp-json\/wp\/v2\/pages\/501\/revisions\/59233"}],"wp:attachment":[{"href":"https:\/\/lanaturela.com\/en\/wp-json\/wp\/v2\/media?parent=501"}],"curies":[{"name":"wp","href":"https:\/\/api.w.org\/{rel}","templated":true}]}}